{"id":6,"date":"2025-01-29T15:47:15","date_gmt":"2025-01-29T14:47:15","guid":{"rendered":"https:\/\/tucek-tiskarna.cz\/?page_id=6"},"modified":"2026-01-05T08:30:16","modified_gmt":"2026-01-05T07:30:16","slug":"uvodni-stranka","status":"publish","type":"page","link":"https:\/\/tucek-tiskarna.cz\/","title":{"rendered":"\u00davodn\u00ed str\u00e1nka"},"content":{"rendered":"\n<p class=\"has-text-align-center has-vivid-red-color has-text-color has-link-color has-x-large-font-size wp-elements-66a6fd65b75341a73837e290afe7f262\" style=\"font-style:normal;font-weight:700\"><\/p>\n\n\n\n<h1 class=\"wp-block-heading\"><span class=\"underline\">Tiskneme<\/span> va\u0161e n\u00e1pady!<\/h1>\n\n\n\n<h2 class=\"wp-block-heading\">Va\u0161e lok\u00e1ln\u00ed tisk\u00e1rna s&nbsp;tradic\u00ed a&nbsp;preciznost\u00ed<\/h2>\n\n\n\n<p>Hled\u00e1te profesion\u00e1ln\u00ed tiskov\u00e9 slu\u017eby? V&nbsp;tisk\u00e1rn\u011b Tu\u010dek se postar\u00e1me o&nbsp;v\u0161e od vizitek a&nbsp;let\u00e1k\u016f a\u017e po bro\u017eury a&nbsp;katalogy. <br>S&nbsp;v\u00edce ne\u017e 30 lety zku\u0161enost\u00ed garantujeme kvalitu, kter\u00e1 v\u00e1s nezklame.<\/p>\n\n\n\n<div class=\"wp-block-buttons is-layout-flex wp-block-buttons-is-layout-flex\">\n<div class=\"wp-block-button\"><a class=\"wp-block-button__link wp-element-button\" href=\"#top-footer\">Kontaktujte n\u00e1s!<\/a><\/div>\n<\/div>\n","protected":false},"excerpt":{"rendered":"<p>Tiskneme va\u0161e n\u00e1pady! Va\u0161e lok\u00e1ln\u00ed tisk\u00e1rna s&nbsp;tradic\u00ed a&nbsp;preciznost\u00ed Hled\u00e1te profesion\u00e1ln\u00ed tiskov\u00e9 slu\u017eby? V&nbsp;tisk\u00e1rn\u011b Tu\u010dek se postar\u00e1me o&nbsp;v\u0161e od vizitek a&nbsp;let\u00e1k\u016f a\u017e po bro\u017eury a&nbsp;katalogy. S&nbsp;v\u00edce ne\u017e 30 lety zku\u0161enost\u00ed garantujeme kvalitu, kter\u00e1 v\u00e1s nezklame.<\/p>\n","protected":false},"author":1,"featured_media":0,"parent":0,"menu_order":0,"comment_status":"closed","ping_status":"closed","template":"","meta":{"footnotes":""},"class_list":["post-6","page","type-page","status-publish","hentry"],"_links":{"self":[{"href":"https:\/\/tucek-tiskarna.cz\/index.php\/wp-json\/wp\/v2\/pages\/6","targetHints":{"allow":["GET"]}}],"collection":[{"href":"https:\/\/tucek-tiskarna.cz\/index.php\/wp-json\/wp\/v2\/pages"}],"about":[{"href":"https:\/\/tucek-tiskarna.cz\/index.php\/wp-json\/wp\/v2\/types\/page"}],"author":[{"embeddable":true,"href":"https:\/\/tucek-tiskarna.cz\/index.php\/wp-json\/wp\/v2\/users\/1"}],"replies":[{"embeddable":true,"href":"https:\/\/tucek-tiskarna.cz\/index.php\/wp-json\/wp\/v2\/comments?post=6"}],"version-history":[{"count":22,"href":"https:\/\/tucek-tiskarna.cz\/index.php\/wp-json\/wp\/v2\/pages\/6\/revisions"}],"predecessor-version":[{"id":177,"href":"https:\/\/tucek-tiskarna.cz\/index.php\/wp-json\/wp\/v2\/pages\/6\/revisions\/177"}],"wp:attachment":[{"href":"https:\/\/tucek-tiskarna.cz\/index.php\/wp-json\/wp\/v2\/media?parent=6"}],"curies":[{"name":"wp","href":"https:\/\/api.w.org\/{rel}","templated":true}]}}